{"id":749,"date":"2025-10-21T08:33:09","date_gmt":"2025-10-21T08:33:09","guid":{"rendered":"https:\/\/www.portinpieli.fi\/fi\/?page_id=749"},"modified":"2025-10-21T10:02:05","modified_gmt":"2025-10-21T10:02:05","slug":"evasteet","status":"publish","type":"page","link":"https:\/\/portinpieli.fi\/fi\/evasteet\/","title":{"rendered":"Tietosuojaseloste ja ev\u00e4stek\u00e4yt\u00e4nn\u00f6t"},"content":{"rendered":"\t\t<div data-elementor-type=\"wp-page\" data-elementor-id=\"749\" class=\"elementor elementor-749\">\n\t\t\t\t<div class=\"elementor-element elementor-element-cdb0ee4 e-con-full e-flex e-con e-parent\" data-id=\"cdb0ee4\" data-element_type=\"container\" data-e-type=\"container\" data-settings=\"{&quot;background_background&quot;:&quot;classic&quot;}\">\n\t\t\t\t<div class=\"elementor-element elementor-element-910d8d5 elementor-widget elementor-widget-heading\" data-id=\"910d8d5\" data-element_type=\"widget\" data-e-type=\"widget\" data-widget_type=\"heading.default\">\n\t\t\t\t<div class=\"elementor-widget-container\">\n\t\t\t\t\t<h2 class=\"elementor-heading-title elementor-size-default\">Tietosuojaseloste ja ev\u00e4stek\u00e4yt\u00e4nn\u00f6t<\/h2>\t\t\t\t<\/div>\n\t\t\t\t<\/div>\n\t\t\t\t<div class=\"elementor-element elementor-element-11c8ae9 elementor-widget elementor-widget-text-editor\" data-id=\"11c8ae9\" data-element_type=\"widget\" data-e-type=\"widget\" data-widget_type=\"text-editor.default\">\n\t\t\t\t<div class=\"elementor-widget-container\">\n\t\t\t\t\t\t\t\t\t<h3 data-start=\"630\" data-end=\"661\">Henkil\u00f6tietojen k\u00e4sittely<\/h3><p data-start=\"662\" data-end=\"932\">Lounaskahvila Portinpieli k\u00e4sittelee henkil\u00f6tietoja vain silloin, kun asiakas ottaa yhteytt\u00e4 s\u00e4hk\u00f6postitse tai puhelimitse. N\u00e4it\u00e4 tietoja k\u00e4ytet\u00e4\u00e4n ainoastaan yhteydenottoon vastaamiseen, eik\u00e4 niit\u00e4 tallenneta j\u00e4rjestelm\u00e4llisesti tai luovuteta kolmansille osapuolille.<\/p><p data-start=\"934\" data-end=\"1034\">Asiakkaalla on oikeus pyyt\u00e4\u00e4 tietojensa oikaisua tai poistamista ottamalla yhteytt\u00e4 s\u00e4hk\u00f6postitse.<\/p><h3 data-start=\"1036\" data-end=\"1050\">Ev\u00e4steet<\/h3><p data-start=\"1051\" data-end=\"1361\">K\u00e4yt\u00e4mme verkkosivullamme ev\u00e4steit\u00e4 (cookies) sivuston toiminnan ja k\u00e4yt\u00f6n seuraamiseksi. Ev\u00e4steiden avulla saamme tilastotietoa siit\u00e4, kuinka sivustoa k\u00e4ytet\u00e4\u00e4n, ja voimme parantaa sen sis\u00e4lt\u00f6\u00e4 ja k\u00e4ytett\u00e4vyytt\u00e4.<br data-start=\"1264\" data-end=\"1267\" \/>Ev\u00e4steit\u00e4 hy\u00f6dynnet\u00e4\u00e4n ainoastaan Google Search Consolen kautta k\u00e4vij\u00e4liikenteen seurantaan.<\/p><p data-start=\"1363\" data-end=\"1516\">Voit halutessasi est\u00e4\u00e4 ev\u00e4steiden k\u00e4yt\u00f6n selaimesi asetuksista. Huomaathan, ett\u00e4 osa sivuston toiminnoista ei v\u00e4ltt\u00e4m\u00e4tt\u00e4 toimi oikein ilman ev\u00e4steit\u00e4.<\/p><p data-start=\"1518\" data-end=\"1592\">Ev\u00e4steit\u00e4 k\u00e4ytt\u00e4m\u00e4ll\u00e4 hyv\u00e4ksyt niiden k\u00e4yt\u00f6n t\u00e4m\u00e4n k\u00e4yt\u00e4nn\u00f6n mukaisesti.<\/p><hr data-start=\"1594\" data-end=\"1597\" \/><h3 data-start=\"1599\" data-end=\"1620\">\ud83d\udccd Yhteystiedot<\/h3><p data-start=\"1621\" data-end=\"1768\"><strong data-start=\"1621\" data-end=\"1650\">Lounaskahvila Portinpieli<\/strong><br data-start=\"1650\" data-end=\"1653\" \/>Satamatie 4, Hamina<br data-start=\"1685\" data-end=\"1688\" \/>S\u00e4hk\u00f6posti: <a class=\"decorated-link cursor-pointer\" rel=\"noopener\">portinpieli@outlook.com<\/a><br data-start=\"1732\" data-end=\"1735\" \/>Puhelin: 040 481 9520<\/p>\t\t\t\t\t\t\t\t<\/div>\n\t\t\t\t<\/div>\n\t\t\t\t<\/div>\n\t\t<div class=\"elementor-element elementor-element-4e7c3427 e-con-full e-flex e-con e-child\" data-id=\"4e7c3427\" data-element_type=\"container\" data-e-type=\"container\">\n\t\t\t\t<div class=\"elementor-element elementor-element-4edf99c8 e-transform elementor-widget elementor-widget-text-editor\" data-id=\"4edf99c8\" data-element_type=\"widget\" data-e-type=\"widget\" data-settings=\"{&quot;_transform_translateX_effect&quot;:{&quot;unit&quot;:&quot;px&quot;,&quot;size&quot;:&quot;&quot;,&quot;sizes&quot;:[]},&quot;_transform_translateX_effect_tablet&quot;:{&quot;unit&quot;:&quot;px&quot;,&quot;size&quot;:&quot;&quot;,&quot;sizes&quot;:[]},&quot;_transform_translateX_effect_mobile&quot;:{&quot;unit&quot;:&quot;px&quot;,&quot;size&quot;:&quot;&quot;,&quot;sizes&quot;:[]},&quot;_transform_translateY_effect&quot;:{&quot;unit&quot;:&quot;px&quot;,&quot;size&quot;:&quot;&quot;,&quot;sizes&quot;:[]},&quot;_transform_translateY_effect_tablet&quot;:{&quot;unit&quot;:&quot;px&quot;,&quot;size&quot;:&quot;&quot;,&quot;sizes&quot;:[]},&quot;_transform_translateY_effect_mobile&quot;:{&quot;unit&quot;:&quot;px&quot;,&quot;size&quot;:&quot;&quot;,&quot;sizes&quot;:[]}}\" data-widget_type=\"text-editor.default\">\n\t\t\t\t<div class=\"elementor-widget-container\">\n\t\t\t\t\t\t\t\t\t<p style=\"text-align: center;\"><strong>PORTINPIELI<\/strong><\/p><p style=\"text-align: center;\"><em>Lounaskahvila<\/em><\/p><p style=\"text-align: center;\"><a href=\"https:\/\/maps.app.goo.gl\/9nj6qCr4Xmdpfcu46\" target=\"_blank\" rel=\"noopener\">Satamatie 4, Hamina<\/a><\/p><p style=\"text-align: center;\"><span style=\"text-decoration: underline;\"><a href=\"tel:+358404819520\">040 481 9520<\/a><\/span><\/p><p style=\"text-align: center;\"><a href=\"mailto:portinpieli@outlook.com\">portinpieli@outlook.com<\/a><\/p>\t\t\t\t\t\t\t\t<\/div>\n\t\t\t\t<\/div>\n\t\t<div class=\"elementor-element elementor-element-12c894d5 e-con-full e-flex e-con e-child\" data-id=\"12c894d5\" data-element_type=\"container\" data-e-type=\"container\">\n\t\t<div class=\"elementor-element elementor-element-14a266ba e-con-full e-flex e-con e-child\" data-id=\"14a266ba\" data-element_type=\"container\" data-e-type=\"container\">\n\t\t\t\t<div class=\"elementor-element elementor-element-430902bf elementor-widget elementor-widget-text-editor\" data-id=\"430902bf\" data-element_type=\"widget\" data-e-type=\"widget\" data-widget_type=\"text-editor.default\">\n\t\t\t\t<div class=\"elementor-widget-container\">\n\t\t\t\t\t\t\t\t\t<p style=\"text-align: center;\">Seuraa meit\u00e4<\/p>\t\t\t\t\t\t\t\t<\/div>\n\t\t\t\t<\/div>\n\t\t\t\t<div class=\"elementor-element elementor-element-224769d elementor-shape-circle elementor-grid-0 e-grid-align-center elementor-widget elementor-widget-social-icons\" data-id=\"224769d\" data-element_type=\"widget\" data-e-type=\"widget\" data-widget_type=\"social-icons.default\">\n\t\t\t\t<div class=\"elementor-widget-container\">\n\t\t\t\t\t\t\t<div class=\"elementor-social-icons-wrapper elementor-grid\" role=\"list\">\n\t\t\t\t\t\t\t<span class=\"elementor-grid-item\" role=\"listitem\">\n\t\t\t\t\t<a class=\"elementor-icon elementor-social-icon elementor-social-icon-facebook elementor-repeater-item-3133727\" href=\"https:\/\/www.facebook.com\/Portinpieli\/?locale=fi_FI\" target=\"_blank\" rel=\"noopener\">\n\t\t\t\t\t\t<span class=\"elementor-screen-only\">Facebook<\/span>\n\t\t\t\t\t\t<i aria-hidden=\"true\" class=\"fab fa-facebook\"><\/i>\t\t\t\t\t<\/a>\n\t\t\t\t<\/span>\n\t\t\t\t\t\t\t<span class=\"elementor-grid-item\" role=\"listitem\">\n\t\t\t\t\t<a class=\"elementor-icon elementor-social-icon elementor-social-icon-instagram elementor-repeater-item-2463f91\" href=\"https:\/\/www.instagram.com\/portinpieli\/\" target=\"_blank\" rel=\"noopener\">\n\t\t\t\t\t\t<span class=\"elementor-screen-only\">Instagram<\/span>\n\t\t\t\t\t\t<i aria-hidden=\"true\" class=\"fab fa-instagram\"><\/i>\t\t\t\t\t<\/a>\n\t\t\t\t<\/span>\n\t\t\t\t\t<\/div>\n\t\t\t\t\t\t<\/div>\n\t\t\t\t<\/div>\n\t\t\t\t<\/div>\n\t\t\t\t<div class=\"elementor-element elementor-element-17626cbb elementor-widget__width-initial elementor-widget elementor-widget-image\" data-id=\"17626cbb\" data-element_type=\"widget\" data-e-type=\"widget\" data-widget_type=\"image.default\">\n\t\t\t\t<div class=\"elementor-widget-container\">\n\t\t\t\t\t\t\t\t\t\t\t\t\t\t\t<img fetchpriority=\"high\" decoding=\"async\" width=\"600\" height=\"300\" src=\"https:\/\/portinpieli.fi\/fi\/wp-content\/uploads\/2025\/10\/Haarukka.png\" class=\"attachment-medium_large size-medium_large wp-image-682\" alt=\"\" srcset=\"https:\/\/portinpieli.fi\/fi\/wp-content\/uploads\/2025\/10\/Haarukka.png 600w, https:\/\/portinpieli.fi\/fi\/wp-content\/uploads\/2025\/10\/Haarukka-300x150.png 300w\" sizes=\"(max-width: 600px) 100vw, 600px\" \/>\t\t\t\t\t\t\t\t\t\t\t\t\t\t\t<\/div>\n\t\t\t\t<\/div>\n\t\t\t\t<\/div>\n\t\t<div class=\"elementor-element elementor-element-63780685 e-con-full e-flex e-con e-child\" data-id=\"63780685\" data-element_type=\"container\" data-e-type=\"container\">\n\t\t<div class=\"elementor-element elementor-element-74c057b4 e-con-full e-flex e-con e-child\" data-id=\"74c057b4\" data-element_type=\"container\" data-e-type=\"container\">\n\t\t\t\t<div class=\"elementor-element elementor-element-36afa6d9 e-transform elementor-widget__width-initial elementor-widget elementor-widget-text-editor\" data-id=\"36afa6d9\" data-element_type=\"widget\" data-e-type=\"widget\" data-settings=\"{&quot;_transform_translateX_effect&quot;:{&quot;unit&quot;:&quot;px&quot;,&quot;size&quot;:&quot;&quot;,&quot;sizes&quot;:[]},&quot;_transform_translateX_effect_tablet&quot;:{&quot;unit&quot;:&quot;px&quot;,&quot;size&quot;:&quot;&quot;,&quot;sizes&quot;:[]},&quot;_transform_translateX_effect_mobile&quot;:{&quot;unit&quot;:&quot;px&quot;,&quot;size&quot;:&quot;&quot;,&quot;sizes&quot;:[]},&quot;_transform_translateY_effect&quot;:{&quot;unit&quot;:&quot;px&quot;,&quot;size&quot;:&quot;&quot;,&quot;sizes&quot;:[]},&quot;_transform_translateY_effect_tablet&quot;:{&quot;unit&quot;:&quot;px&quot;,&quot;size&quot;:&quot;&quot;,&quot;sizes&quot;:[]},&quot;_transform_translateY_effect_mobile&quot;:{&quot;unit&quot;:&quot;px&quot;,&quot;size&quot;:&quot;&quot;,&quot;sizes&quot;:[]}}\" data-widget_type=\"text-editor.default\">\n\t\t\t\t<div class=\"elementor-widget-container\">\n\t\t\t\t\t\t\t\t\t<p style=\"text-align: left;\"><strong>Pitopalvelu<\/strong><\/p><p style=\"text-align: left;\"><span style=\"font-style: inherit; font-weight: inherit;\">Mirja Koivu<\/span><\/p><p style=\"text-align: left;\"><span style=\"text-decoration: underline;\"><a href=\"tel:+358400854879\">040 085 4879<\/a><\/span><\/p><p class=\"p1\" style=\"text-align: left;\"><a href=\"mailto:juhlatarjoilu.mirja.koivu@gmail.com\">juhlatarjoilut.mirja.koivu@gmail.com<\/a><\/p>\t\t\t\t\t\t\t\t<\/div>\n\t\t\t\t<\/div>\n\t\t\t\t<\/div>\n\t\t\t\t<\/div>\n\t\t\t\t<\/div>\n\t\t\t\t<\/div>\n\t\t","protected":false},"excerpt":{"rendered":"<p>Tietosuojaseloste ja ev\u00e4stek\u00e4yt\u00e4nn\u00f6t Henkil\u00f6tietojen k\u00e4sittely Lounaskahvila Portinpieli k\u00e4sittelee henkil\u00f6tietoja vain silloin, kun asiakas ottaa yhteytt\u00e4 s\u00e4hk\u00f6postitse tai puhelimitse. N\u00e4it\u00e4 tietoja k\u00e4ytet\u00e4\u00e4n ainoastaan yhteydenottoon vastaamiseen, eik\u00e4 niit\u00e4 tallenneta j\u00e4rjestelm\u00e4llisesti tai luovuteta kolmansille osapuolille. Asiakkaalla on oikeus pyyt\u00e4\u00e4 tietojensa oikaisua tai poistamista ottamalla yhteytt\u00e4 s\u00e4hk\u00f6postitse. Ev\u00e4steet K\u00e4yt\u00e4mme verkkosivullamme ev\u00e4steit\u00e4 (cookies) sivuston toiminnan ja k\u00e4yt\u00f6n seuraamiseksi. Ev\u00e4steiden avulla [&hellip;]<\/p>\n","protected":false},"author":1,"featured_media":0,"parent":0,"menu_order":0,"comment_status":"closed","ping_status":"closed","template":"","meta":{"footnotes":""},"class_list":["post-749","page","type-page","status-publish","hentry"],"_links":{"self":[{"href":"https:\/\/portinpieli.fi\/fi\/wp-json\/wp\/v2\/pages\/749","targetHints":{"allow":["GET"]}}],"collection":[{"href":"https:\/\/portinpieli.fi\/fi\/wp-json\/wp\/v2\/pages"}],"about":[{"href":"https:\/\/portinpieli.fi\/fi\/wp-json\/wp\/v2\/types\/page"}],"author":[{"embeddable":true,"href":"https:\/\/portinpieli.fi\/fi\/wp-json\/wp\/v2\/users\/1"}],"replies":[{"embeddable":true,"href":"https:\/\/portinpieli.fi\/fi\/wp-json\/wp\/v2\/comments?post=749"}],"version-history":[{"count":13,"href":"https:\/\/portinpieli.fi\/fi\/wp-json\/wp\/v2\/pages\/749\/revisions"}],"predecessor-version":[{"id":810,"href":"https:\/\/portinpieli.fi\/fi\/wp-json\/wp\/v2\/pages\/749\/revisions\/810"}],"wp:attachment":[{"href":"https:\/\/portinpieli.fi\/fi\/wp-json\/wp\/v2\/media?parent=749"}],"curies":[{"name":"wp","href":"https:\/\/api.w.org\/{rel}","templated":true}]}}